{"id":8513,"date":"2024-06-12T09:42:07","date_gmt":"2024-06-12T07:42:07","guid":{"rendered":"https:\/\/better-coaching.dk\/?page_id=8513"},"modified":"2025-01-04T11:54:37","modified_gmt":"2025-01-04T10:54:37","slug":"generelle-vilkaar","status":"publish","type":"page","link":"https:\/\/better-coaching.dk\/en\/generelle-vilkaar\/","title":{"rendered":"GENERELLE VILK\u00c5R"},"content":{"rendered":"<p class=\"has-large-font-size\"><strong>Licensvilk\u00e5r &#8211; BETTER COACHING<\/strong><\/p>\n\n\n\n<ol class=\"wp-block-list\">\n<li>DEFINITIONER<br>\n<ul class=\"wp-block-list\">\n<li>BC Sport ApS, herefter ben\u00e6vnt BC, udvikler, s\u00e6lger og leverer licens til tr\u00e6nerplatformen \u201dBetter Coaching (BC-applikationen)\u201d og de underliggende moduler, omtalt i denne licensaftale.\u00a0<\/li>\n\n\n\n<li>Klub&nbsp;anskaffer, via denne aftale, en brugsret samt en licens til BC-applikationen og de n\u00e6vnte underliggende moduler, omtalt i denne licensaftale og ben\u00e6vnes herefter som Licenstager i denne aftale.&nbsp;<\/li>\n\n\n\n<li>BC-applikationen er en digital tr\u00e6ner applikation med tilh\u00f8rende moduler, udviklet og distribueret alene af BC.<br><\/li>\n<\/ul>\n<\/li>\n\n\n\n<li>LICENSENS OMFANG\/VARIGHED<br>\n<ul class=\"wp-block-list\">\n<li>BC giver hermed licenstager en ikke overdragelig og ikke eksklusiv brugsret til den leverede BC-applikation og den dertilh\u00f8rende dokumentation. Brugsretten omfatter alene licenstagerens eget brug af BC-applikationen, og licenstager, er s\u00e5ledes uberettiget til at overdrage\/overf\u00f8re brugsretten uanset om dette m\u00e5tte ske ved salg, udleje eller udl\u00e5n m.v., eller p\u00e5 anden m\u00e5de give tredjemand adgang til brug af BC-applikationen.&nbsp;<\/li>\n\n\n\n<li>Brugsretten er betinget af, at licenstageren betaler s\u00e5vel opstartsafgiften som den l\u00f8bende, obligatoriske licens- samt service hosting afgift&nbsp;<\/li>\n\n\n\n<li>Hvis licensaftalen bringes til oph\u00f8r, vil BC efter udl\u00f8bet af sidste licensperiode fjerne brugsretten.&nbsp;<\/li>\n\n\n\n<li>Betaler licenstager ikke fakturaer til forfaldsdag, bortfalder brugsretten i sin helhed, og en evt. fortsat brug af BC-applikationen kr\u00e6nker BC&#8217; rettigheder, hvilket berettiger BC til at fjerne brugsretten til BC-applikationen.<br><\/li>\n<\/ul>\n<\/li>\n\n\n\n<li>BRUGERE\n<ul class=\"wp-block-list\">\n<li>Licenstager, m\u00e5 kun benytte BC-applikationen med det det aftalte antal brugere, hvorfor BC-applikationen ikke m\u00e5 benyttes af personer, der ikke er oprettet som registrerede brugere af platformen.<br><\/li>\n<\/ul>\n<\/li>\n\n\n\n<li>\u00c6NDRINGER &amp; TILPASNINGER<br>\n<ul class=\"wp-block-list\">\n<li>Licenstager er berettiget til, i licenstagers BC-applikation, at foretage de n\u00f8dvendige \u00e6ndringer og tilpasninger, som direkte underst\u00f8ttes af funktionaliteten i BC-applikationen, for at BC-applikationen kan anvendes efter sit form\u00e5l.&nbsp;<\/li>\n\n\n\n<li>Licenstager skal dog v\u00e6re opm\u00e6rksom at \u00e6ndringer\/tilpasninger til BC-applikationen i dets underliggende kode eller lign., alene kan foretages af BC eller af BC godkendte udviklere. S\u00e5fremt dette ikke overholdes, anses dette som et brud p\u00e5 ophavsretten til BC-platformen, hvilke kan medf\u00f8re krav fra BC til licenstager.<br><\/li>\n<\/ul>\n<\/li>\n\n\n\n<li>IMMATERIELLE RETTIGHEDER<br>\n<ul class=\"wp-block-list\">\n<li>BC har alle rettigheder til BC-applikationen, herunder samtlige ophavsrettigheder,&nbsp;varem\u00e6rkerettigheder og andre immaterielle rettigheder. Licenstager m\u00e5 ikke bryde eller \u00e6ndre licenskoder, angivelser om rettigheds-forhold, varem\u00e6rker og lignende. Enhver kr\u00e6nkelse af BC\u2019 rettigheder, betragtes som v\u00e6sentlig misligholdelse af n\u00e6rv\u00e6rende licensaftale og kan medf\u00f8re krav fra BC til licenstager.<br><\/li>\n<\/ul>\n<\/li>\n\n\n\n<li>TREDJEMANDS RETTIGHEDER<br>\n<ul class=\"wp-block-list\">\n<li>BC indest\u00e5r for, at BC-applikationen ikke kr\u00e6nker tredjemands immaterielle rettigheder.&nbsp;<\/li>\n\n\n\n<li>Hvis tredjemand rejser indsigelser vedr\u00f8rende anvendelsen af BC-applikationen, skal licenstager omg\u00e5ende meddele dette til BC. I tilf\u00e6lde af en s\u00e5dan meddelelse, kan BC v\u00e6lge at overtage sagen og enhver udgift i forbindelse med denne. BC har ret til for egen regning at overtage sagen, herunder at varetage BC\u2019 interesser under en evt. retssag, samt at indg\u00e5 forlig ang\u00e5ende de h\u00e6vdede kr\u00e6nkelser.&nbsp;I det tilf\u00e6lde at en tredjemand m\u00e5tte f\u00e5 medhold i, at der foreligger en kr\u00e6nkelse enten i form af endelig dom eller voldgiftsafg\u00f8relse, er BC forpligtet til for egen regning enten at&nbsp;<br>\n<ul class=\"wp-block-list\">\n<li>opn\u00e5 den fortsatte ret til anvendelse af BC-applikationen, eller&nbsp;<\/li>\n\n\n\n<li>bringe kr\u00e6nkelsen til oph\u00f8r ved at \u00e6ndre BC-applikationen, eller<\/li>\n\n\n\n<li>erstatte BC-applikationen med et andet produkt, som generelt indeholder de samme funktioner som BC-applikationen eller<\/li>\n\n\n\n<li>uden varsel oph\u00e6ve n\u00e6rv\u00e6rende licensaftale og straks tilbagebetale den&nbsp;licens- samt service hosting afgift, som licenstager, har indbetalt til BC fra tidspunktet for kr\u00e6nkelsens opst\u00e5en, dog minimum licens- samt service hosting afgift betalt for den aktuelle licensperiode. Ved oph\u00e6velse af n\u00e6rv\u00e6rende licensaftale er licenstager forpligtet til at afinstallere BC-applikationen, herunder men ikke begr\u00e6nset til opdateringer, ny-udgivelser og nye versioner, og ligeledes tilintetg\u00f8re enhver backup og\/eller arkiverede kopier af samme. Udover ovenn\u00e6vnte forpligtelser p\u00e5hviler der ikke BC andre forpligtelser eller ansvar, og licenstager kan ikke g\u00f8re andre misligholdelsesbef\u00f8jelser end ovenn\u00e6vnte&nbsp;g\u00e6ldende som f\u00f8lge af kr\u00e6nkelse af tredjemands rettigheder, herunder rejse krav om&nbsp;&nbsp;&nbsp;&nbsp;&nbsp;&nbsp;&nbsp;&nbsp;&nbsp;&nbsp;&nbsp;&nbsp;&nbsp;&nbsp;&nbsp;&nbsp;erstatning, uanset graden af den udviste uagtsomhed.&nbsp;<br><\/li>\n<\/ul>\n<\/li>\n<\/ul>\n<\/li>\n\n\n\n<li>AUTORISATION &amp; LOGNING<br>\n<ul class=\"wp-block-list\">\n<li>Licenstager accepterer, at BC udf\u00f8rer autorisationskontrol ved login til BC-applikationen. Oplysningerne bruges alene til at kontrollere licenstagers brugsret til BC-applikationen, og i arbejdet med at videreudvikle- og forbedre BC-applikationen. Oplysningerne videregives ikke til tredjemand.<br><\/li>\n<\/ul>\n<\/li>\n\n\n\n<li>INDHOLDET AF OPDATERINGER &amp; HYPPIGHED<br>\n<ul class=\"wp-block-list\">\n<li>BC vil bestr\u00e6be sig p\u00e5, efter BC\u2019 egen vurdering, l\u00f8bende at vedligeholde BC-applikationen, herunder rette fejl og uhensigtsm\u00e6ssigheder samt \u00e6ndre og opdatere software og tilh\u00f8rende databaser og normer.<\/li>\n\n\n\n<li>Videreudvikling og \u00e6ndringer, BC foretager, vil ske med udgangspunkt i standardudgaven af BC-applikationen, og der vil s\u00e5ledes ikke altid kunne tages hensyn til eventuelle specialtilpasninger og \u00e6ndringer i BC\u2019 applikation foretaget p\u00e5 licenstagers foranledning. Dette kan v\u00e6re tilf\u00e6ldes uanset, om \u00e6ndringerne-\/specialtilpasningerne er foretaget af BC.&nbsp;<br><\/li>\n<\/ul>\n<\/li>\n\n\n\n<li>AFHJ\u00c6LPNING AF FEJL &amp; MANGLER\n<ul class=\"wp-block-list\">\n<li>BC henleder opm\u00e6rksomheden p\u00e5, at det ikke er praktisk muligt at fremstille digitale applikationer, der kan afvikles fejlfrit i alle situationer og kombinationer.<br>S\u00e5fremt licenstager skriftligt reklamerer over v\u00e6sentlige fejl i BC-applikationen, som medf\u00f8rer, at vitale funktioner i BC-applikationen ikke kan anvendes, er BC i en periode p\u00e5 3 uger efter reklamationen forpligtet til f\u00f8lgende, efter eget valg:<br>\n<ul class=\"wp-block-list\">\n<li>uden beregning at levere en opdateret version af BC-applikationen,&nbsp;<\/li>\n\n\n\n<li>inden rimelig tid at rette fejlen uden beregning, forudsat at fejlen kan genskabes hos BC og rettes hos BC,&nbsp;<\/li>\n\n\n\n<li>at returnere den af licenstager betalte licens- samt service hosting afgift for den p\u00e5g\u00e6ldende adgang for perioden fra tidspunktet for licenstagerens reklamation.&nbsp;<br><\/li>\n<\/ul>\n<\/li>\n\n\n\n<li>Fejlretning kan best\u00e5 i anvisninger og anbefalinger til at omg\u00e5 fejlen, s\u00e5ledes at fejlen ikke l\u00e6ngere har v\u00e6sentlig indflydelse p\u00e5 licenstagers brug af BC-applikationen.&nbsp;<\/li>\n\n\n\n<li>BC bestr\u00e6ber sig p\u00e5 ogs\u00e5 at afhj\u00e6lpe ikke-v\u00e6sentlige fejl og uhensigtsm\u00e6ssigheder. S\u00e5danne fejlrettelser m.v. vil dog alene blive udgivet i form af fremtidige l\u00f8bende opdateringer.<\/li>\n\n\n\n<li>Brugsretten gives til BC-applikationen, som det er og forefindes \u201dAs-Is\u201d og inkluderer ingen andre former for garantier, indest\u00e5elser, afhj\u00e6lpningsrettigheder eller misligholdelsesbef\u00f8jelser end de ovenfor beskrevne. Licenstager, kan s\u00e5ledes ikke udover ovenn\u00e6vnte bef\u00f8jelser rejse krav mod BC p\u00e5 grund af fejl og mangler i BC-applikationen eller som f\u00f8lge af, at BC ikke retter s\u00e5danne fejl og mangler eller at BC-applikationens afvikling og ydeevne ikke er fri for afbrydelser eller fejl.&nbsp;<br><\/li>\n<\/ul>\n<\/li>\n\n\n\n<li>ANSVARSBEGR\u00c6NSNING<br>\n<ul class=\"wp-block-list\">\n<li>BC kan under ingen omst\u00e6ndigheder g\u00f8res ansvarlig for indirekte tab eller f\u00f8lgeskade, f.eks. tab af forventet indtjening, forventet st\u00f8tte eller udbetalinger i \u00f8vrigt, tab af avance, goodwill, eller skade p\u00e5 licenstagers \u00f8vrige data eller databaser, eller tab af enhver anden type forretningsm\u00e6ssig afbrydelse, som m\u00e5tte opst\u00e5 ved brug af BC-applikationen eller mangelfuld\/utilstr\u00e6kkelig pr\u00e6station ved BC-applikationen.<\/li>\n\n\n\n<li>BC er ikke ansvarlig for fejl og mangler i det omfang disse er for\u00e5rsaget af eksterne faktorer herunder anden software eller produkter. Desuden er BC ikke ansvarlig for integration af eller interaktion mellem BC-applikationen og licenstagers eget udstyr og software-milj\u00f8.&nbsp;<\/li>\n\n\n\n<li>BC p\u00e5tager sig intet ansvar for, at BC-applikationen er kompatibelt med nye versioner, opdateringer m.v. af tredjepartssoftware.<br><\/li>\n<\/ul>\n<\/li>\n\n\n\n<li>FORCE MAJEURE<br>\n<ul class=\"wp-block-list\">\n<li>Ingen af parterne kan g\u00f8res ansvarlig for skade, som den anden part m\u00e5tte lide som direkte eller indirekte f\u00f8lge af, at parten p\u00e5 grund af en force majeure situation er forsinket eller forhindret i at udf\u00f8re sine forpligtelser i henhold til n\u00e6rv\u00e6rende licensaftale. Force majeure situationer er bl.a. krig, mobilisering, naturkatastrofer, pandemier, strejker, lockout, ildebrand, vandskade, import- og eksportrestriktioner, virusangreb samt andre uforudsete omst\u00e6ndigheder, som den p\u00e5g\u00e6ldende part ikke ved udfoldelse af rimelige foranstaltninger kan forhindre.<br><\/li>\n<\/ul>\n<\/li>\n\n\n\n<li>OVERDRAGELSE<br>\n<ul class=\"wp-block-list\">\n<li>Licenstager, kan ikke overdrage rettigheder og forpligtelser i henhold til n\u00e6rv\u00e6rende aftale til tredjemand.&nbsp;<\/li>\n\n\n\n<li>BC kan overdrage rettigheder og forpligtelser i henhold til n\u00e6rv\u00e6rende aftale helt eller delvis til tredjemand, uden licenstagers forudg\u00e5ende accept.&nbsp;<br><\/li>\n<\/ul>\n<\/li>\n\n\n\n<li>LICENSTAGERS MISLIGHOLDELSE<br>\n<ul class=\"wp-block-list\">\n<li>Misligholder licenstager n\u00e6rv\u00e6rende licensaftale i forbindelse med anvendelse af BC-applikationen f.eks. kr\u00e6nker BC\u2019 ophavsrettigheder ved at foretage eksemplarfremstilling i strid med n\u00e6rv\u00e6rende aftale eller overdrage eksemplarer af BC-applikationen til tredjemand, eller misligholder betalings-forpligtelser, er licenstager erstatningsansvarlig efter dansk rets almindelige regler herom. BC kan endvidere oph\u00e6ve licenstagers brugsret, hvorefter licenstager ikke l\u00e6ngere er berettiget til at anvende BC-applikationen, og licenstager er i s\u00e5 fald forpligtet til at slette alle eksemplarer og versioner af den p\u00e5g\u00e6ldende applikation.&nbsp;<br><\/li>\n<\/ul>\n<\/li>\n\n\n\n<li>DATABESKYTTELSE<br>\n<ul class=\"wp-block-list\">\n<li>BC opbevarer og processerer data p\u00e5 vegne af licenstager.<\/li>\n\n\n\n<li>BC benytter en tredjeparts hostingvirksomhed til at opbevare licenstagers data samt g\u00f8re BC-applikationen tilg\u00e6ngelig p\u00e5 vegne af BC.<\/li>\n\n\n\n<li>Det er alene licenstager og dennes samarbejdspartnere gennem datadeling, som har adgang til data. BC anvender ikke data til andre form\u00e5l end dem, som er accepteret af licenstager.&nbsp;<\/li>\n\n\n\n<li>BC\u2019 behandling af personoplysninger og anden data skal overholde bestemmelserne i Persondataforordningen (Europa-Parlamentets og R\u00e5dets forordning 2016\/679 af 27. april 2016 om beskyttelse af fysiske personer i forbindelse med behandling af personoplysninger og om fri udveksling af s\u00e5danne oplysninger) med tilh\u00f8rende retsakter samt heraf afledt national lovgivning. BC vil foretage alle n\u00f8dvendige tekniske og organisatoriske foranstaltninger der er n\u00f8dvendige for at sikre, at personoplysninger ikke distribueres, g\u00f8res tilg\u00e6ngelige eller p\u00e5 anden m\u00e5de i strid med bestemmelserne i Persondataforordningen deles med tredjemand.&nbsp;<\/li>\n\n\n\n<li>Licenstager er forpligtet til at holde brugernavn og adgangskode til BC-applikationen hemmelig fra enhver uautoriseret bruger eller tredjepart.<br><\/li>\n<\/ul>\n<\/li>\n\n\n\n<li>LOVVALG &amp; V\u00c6RNETING<br>\n<ul class=\"wp-block-list\">\n<li>Enhver tvist, som m\u00e5tte udspringe af disse vilk\u00e5r og licenstagers anvendelse af BC-applikationen, skal anl\u00e6gges ved BC\u2019 hjemting. Tvisten afg\u00f8res ved anvendelse af dansk ret.<\/li>\n<\/ul>\n<\/li>\n<\/ol>\n\n\n\n<p><\/p>","protected":false},"excerpt":{"rendered":"<p>Licensvilk\u00e5r &#8211; BETTER COACHING<\/p>","protected":false},"author":3,"featured_media":0,"parent":0,"menu_order":0,"comment_status":"closed","ping_status":"closed","template":"","meta":{"footnotes":""},"folder":[],"class_list":{"0":"post-8513","1":"page","2":"type-page","3":"status-publish","4":"hentry","5":"nt-post-class","6":"","7":"thumb-none","9":"excerpt-none"},"_links":{"self":[{"href":"https:\/\/better-coaching.dk\/en\/wp-json\/wp\/v2\/pages\/8513","targetHints":{"allow":["GET"]}}],"collection":[{"href":"https:\/\/better-coaching.dk\/en\/wp-json\/wp\/v2\/pages"}],"about":[{"href":"https:\/\/better-coaching.dk\/en\/wp-json\/wp\/v2\/types\/page"}],"author":[{"embeddable":true,"href":"https:\/\/better-coaching.dk\/en\/wp-json\/wp\/v2\/users\/3"}],"replies":[{"embeddable":true,"href":"https:\/\/better-coaching.dk\/en\/wp-json\/wp\/v2\/comments?post=8513"}],"version-history":[{"count":4,"href":"https:\/\/better-coaching.dk\/en\/wp-json\/wp\/v2\/pages\/8513\/revisions"}],"predecessor-version":[{"id":8543,"href":"https:\/\/better-coaching.dk\/en\/wp-json\/wp\/v2\/pages\/8513\/revisions\/8543"}],"wp:attachment":[{"href":"https:\/\/better-coaching.dk\/en\/wp-json\/wp\/v2\/media?parent=8513"}],"wp:term":[{"taxonomy":"folder","embeddable":true,"href":"https:\/\/better-coaching.dk\/en\/wp-json\/wp\/v2\/folder?post=8513"}],"curies":[{"name":"wp","href":"https:\/\/api.w.org\/{rel}","templated":true}]}}